{"id":2243,"date":"2024-10-08T14:13:48","date_gmt":"2024-10-08T11:13:48","guid":{"rendered":"https:\/\/www.floraayvalik.com\/?page_id=2243"},"modified":"2024-10-08T14:13:48","modified_gmt":"2024-10-08T11:13:48","slug":"surdurulebilirlik","status":"publish","type":"page","link":"https:\/\/www.floraayvalik.com\/?page_id=2243","title":{"rendered":"S\u00fcrd\u00fcr\u00fclebilirlik"},"content":{"rendered":"\n<figure class=\"wp-block-table\"><table class=\"has-fixed-layout\"><tbody><tr><td><strong>Men\u00fc Ba\u015fl\u0131\u011f\u0131<\/strong><strong><\/strong><\/td><td><strong>Yeni Sayfada A\u00e7\u0131lacak Link<\/strong><strong><\/strong><\/td><\/tr><tr><td>S\u00fcrd\u00fcr\u00fclebilirlik Raporu<\/td><td><a href=\"https:\/\/sopex.bizix.com.tr\/isg_docs_view.php?hash=2f63dd43f96310e483db524215ad533c703dce13ff53c7b762447114760d7668\">https:\/\/sopex.bizix.com.tr\/isg_docs_view.php?hash=2f63dd43f96310e483db524215ad533c703dce13ff53c7b762447114760d7668<\/a><\/td><\/tr><tr><td>S\u00fcrd\u00fcr\u00fclebilirlik Politikas\u0131<\/td><td><a href=\"https:\/\/sopex.bizix.com.tr\/isg_docs_view.php?hash=9b4dfd083e9ed5bd2ba389cd99a987aed11a59157998c26776172c11c6484695\">https:\/\/sopex.bizix.com.tr\/isg_docs_view.php?hash=9b4dfd083e9ed5bd2ba389cd99a987aed11a59157998c26776172c11c6484695<\/a><\/td><\/tr><tr><td>Y\u00f6resel T\u0131bbi &amp; Aromatik \u00dcr\u00fcnler<\/td><td><a href=\"https:\/\/sopex.bizix.com.tr\/isg_docs_view.php?hash=f2b795cbe9cb6a3f38673fb87a2b8eeceb08a2e61a5ca743f003a187637a3f48\">https:\/\/sopex.bizix.com.tr\/isg_docs_view.php?hash=f2b795cbe9cb6a3f38673fb87a2b8eeceb08a2e61a5ca743f003a187637a3f48<\/a><\/td><\/tr><tr><td>Korunan Alanlarda Uyulmas\u0131 Gereken Kurallar<\/td><td><a href=\"https:\/\/sopex.bizix.com.tr\/isg_docs_view.php?hash=d1eb9fea680ee98ac4c713bc7b10dac986693d84a63d1e8ba410edb967244041\">https:\/\/sopex.bizix.com.tr\/isg_docs_view.php?hash=d1eb9fea680ee98ac4c713bc7b10dac986693d84a63d1e8ba410edb967244041<\/a><\/td><\/tr><tr><td>K\u00fclt\u00fcrel &amp; Do\u011fal Alanlar<\/td><td><a href=\"https:\/\/sopex.bizix.com.tr\/isg_docs_view.php?hash=aa25a21e62820f598ceba25a9d527f5b01a93d6ef25419e2a7d178a0dcf329e1\">https:\/\/sopex.bizix.com.tr\/isg_docs_view.php?hash=aa25a21e62820f598ceba25a9d527f5b01a93d6ef25419e2a7d178a0dcf329e1<\/a><\/td><\/tr><tr><td>Endemik Flora T\u00fcrleri (Kazda\u011f\u0131lar\u0131)<\/td><td><a href=\"https:\/\/sopex.bizix.com.tr\/isg_docs_view.php?hash=3b3717fd5afd7e92742e0d94393d6861b56c83e5a8e731c92947ba9d3ce30014\">https:\/\/sopex.bizix.com.tr\/isg_docs_view.php?hash=3b3717fd5afd7e92742e0d94393d6861b56c83e5a8e731c92947ba9d3ce30014<\/a><\/td><\/tr><tr><td><strong>Yaban Hayati Etkile\u015fim Ve Koruma Hassasiyetleri<\/strong><\/td><td><a href=\"https:\/\/sopex.bizix.com.tr\/isg_docs_view.php?hash=19b08b0d48aa3cc023fbdc1ff436465d7266938e29b67bcaa6245dc9c44d4b72\">https:\/\/sopex.bizix.com.tr\/isg_docs_view.php?hash=19b08b0d48aa3cc023fbdc1ff436465d7266938e29b67bcaa6245dc9c44d4b72<\/a><\/td><\/tr><\/tbody><\/table><\/figure>\n\n\n\n<p><strong>&#8220;\u0130\u015fletmemizdeki s\u0131n\u0131rl\u0131 eri\u015filebilirlik \u00f6zellikleri nedeniyle, engelli bireyler veya ya\u015fl\u0131lar i\u00e7in uygun olmayabilir. Bu durumdan dolay\u0131 \u00fczg\u00fcn\u00fcz. Size verebilece\u011fimiz rahats\u0131zl\u0131k i\u00e7in \u00f6z\u00fcr dileriz ve ihtiya\u00e7lar\u0131n\u0131za daha uygun alternatif konaklama se\u00e7eneklerini araman\u0131z\u0131 \u00f6neririz. Herhangi bir sorunuz veya yard\u0131ma ihtiyac\u0131n\u0131z olursa, l\u00fctfen ekibimizle ileti\u015fime ge\u00e7mekten \u00e7ekinmeyin.&#8221;<\/strong><\/p>\n\n\n\n<p>&#8220;Due to limited accessibility features in our accommodation facility, it may not be suitable for individuals with disabilities or seniors. We are sorry for the inconvenience. We apologize for any inconvenience we may cause you and encourage you to look for alternative accommodation options that better suit your needs. If you have any questions or need help, please don&#8217;t hesitate to contact our team.&#8221;<\/p>\n","protected":false},"excerpt":{"rendered":"<p>Men\u00fc Ba\u015fl\u0131\u011f\u0131 Yeni Sayfada A\u00e7\u0131lacak Link S\u00fcrd\u00fcr\u00fclebilirlik Raporu https:\/\/sopex.bizix.com.tr\/isg_docs_view.php?hash=2f63dd43f96310e483db524215ad533c703dce13ff53c7b762447114760d7668 S\u00fcrd\u00fcr\u00fclebilirlik Politikas\u0131 https:\/\/sopex.bizix.com.tr\/isg_docs_view.php?hash=9b4dfd083e9ed5bd2ba389cd99a987aed11a59157998c26776172c11c6484695 Y\u00f6resel T\u0131bbi &amp; Aromatik \u00dcr\u00fcnler https:\/\/sopex.bizix.com.tr\/isg_docs_view.php?hash=f2b795cbe9cb6a3f38673fb87a2b8eeceb08a2e61a5ca743f003a187637a3f48 Korunan Alanlarda Uyulmas\u0131 Gereken Kurallar https:\/\/sopex.bizix.com.tr\/isg_docs_view.php?hash=d1eb9fea680ee98ac4c713bc7b10dac986693d84a63d1e8ba410edb967244041 K\u00fclt\u00fcrel &amp; Do\u011fal Alanlar https:\/\/sopex.bizix.com.tr\/isg_docs_view.php?hash=aa25a21e62820f598ceba25a9d527f5b01a93d6ef25419e2a7d178a0dcf329e1 Endemik Flora T\u00fcrleri (Kazda\u011f\u0131lar\u0131) https:\/\/sopex.bizix.com.tr\/isg_docs_view.php?hash=3b3717fd5afd7e92742e0d94393d6861b56c83e5a8e731c92947ba9d3ce30014 Yaban Hayati Etkile\u015fim Ve Koruma Hassasiyetleri https:\/\/sopex.bizix.com.tr\/isg_docs_view.php?hash=19b08b0d48aa3cc023fbdc1ff436465d7266938e29b67bcaa6245dc9c44d4b72 &#8220;\u0130\u015fletmemizdeki s\u0131n\u0131rl\u0131 eri\u015filebilirlik \u00f6zellikleri nedeniyle, engelli bireyler veya ya\u015fl\u0131lar i\u00e7in uygun olmayabilir. Bu durumdan [&hellip;]<\/p>\n","protected":false},"author":1,"featured_media":0,"parent":0,"menu_order":0,"comment_status":"closed","ping_status":"closed","template":"","meta":{"footnotes":""},"class_list":["post-2243","page","type-page","status-publish","hentry"],"_links":{"self":[{"href":"https:\/\/www.floraayvalik.com\/index.php?rest_route=\/wp\/v2\/pages\/2243","targetHints":{"allow":["GET"]}}],"collection":[{"href":"https:\/\/www.floraayvalik.com\/index.php?rest_route=\/wp\/v2\/pages"}],"about":[{"href":"https:\/\/www.floraayvalik.com\/index.php?rest_route=\/wp\/v2\/types\/page"}],"author":[{"embeddable":true,"href":"https:\/\/www.floraayvalik.com\/index.php?rest_route=\/wp\/v2\/users\/1"}],"replies":[{"embeddable":true,"href":"https:\/\/www.floraayvalik.com\/index.php?rest_route=%2Fwp%2Fv2%2Fcomments&post=2243"}],"version-history":[{"count":1,"href":"https:\/\/www.floraayvalik.com\/index.php?rest_route=\/wp\/v2\/pages\/2243\/revisions"}],"predecessor-version":[{"id":2244,"href":"https:\/\/www.floraayvalik.com\/index.php?rest_route=\/wp\/v2\/pages\/2243\/revisions\/2244"}],"wp:attachment":[{"href":"https:\/\/www.floraayvalik.com\/index.php?rest_route=%2Fwp%2Fv2%2Fmedia&parent=2243"}],"curies":[{"name":"wp","href":"https:\/\/api.w.org\/{rel}","templated":true}]}}